{"id":6359,"date":"2021-10-23T08:31:09","date_gmt":"2021-10-23T06:31:09","guid":{"rendered":"https:\/\/www.dedisoft.com\/unternehmenspolitik\/"},"modified":"2024-11-22T12:03:23","modified_gmt":"2024-11-22T11:03:23","slug":"unternehmenspolitik","status":"publish","type":"page","link":"https:\/\/www.dedisoft.com\/de\/unternehmenspolitik\/","title":{"rendered":"Unternehmenspolitik"},"content":{"rendered":"\t\t<div data-elementor-type=\"wp-page\" data-elementor-id=\"6359\" class=\"elementor elementor-6359 elementor-1275\" data-elementor-post-type=\"page\">\n\t\t\t\t\t\t<section class=\"elementor-section elementor-top-section elementor-element elementor-element-6f71a12f elementor-section-boxed elementor-section-height-default elementor-section-height-default\" data-id=\"6f71a12f\" data-element_type=\"section\" data-e-type=\"section\">\n\t\t\t\t\t\t<div class=\"elementor-container elementor-column-gap-default\">\n\t\t\t\t\t<div class=\"elementor-column elementor-col-100 elementor-top-column elementor-element elementor-element-47021fe3\" data-id=\"47021fe3\" data-element_type=\"column\" data-e-type=\"column\">\n\t\t\t<div class=\"elementor-widget-wrap elementor-element-populated\">\n\t\t\t\t\t\t<div class=\"elementor-element elementor-element-38ce7403 elementor-widget elementor-widget-text-editor\" data-id=\"38ce7403\" data-element_type=\"widget\" data-e-type=\"widget\" data-widget_type=\"text-editor.default\">\n\t\t\t\t<div class=\"elementor-widget-container\">\n\t\t\t\t\t\t\t\t\t<p class=\"has-text-align-center\" style=\"font-size: 30px;\"><strong><mark class=\"has-inline-color has-primary-color\" style=\"background-color: rgba(0, 0, 0, 0);\">Willkommen bei der Politik der Software-Dedikation<\/mark><mark class=\"has-inline-color has-secondary-color\" style=\"background-color: rgba(0, 0, 0, 0);\"> <\/mark><\/strong><\/p>\n<span style=\"color: var(--color-dark-body); font-size: var(--font-size-b1); font-family: var(--font-primary);\">&#8220;D\u00c9DICACE SOFTWARE&#8221; hat eine ethische Politik gew\u00e4hlt, die moralische Werte und die Menschenw\u00fcrde respektiert. Dabei wird &#8220;D\u00c9DICACE SOFTWARE&#8221; nur das Hosting von Daten akzeptieren, die den folgenden Beschr\u00e4nkungen unterliegen:  <ol>\n \t<li>Inhalte, die als beleidigend angesehen werden (diskriminierende, rassistische oder fremdenfeindliche, revisionistische oder negationistische, verleumderische, gewaltt\u00e4tige oder zu Gewalt aufrufende Inhalte, Inhalte, die die Sensibilit\u00e4t von Kindern schockieren k\u00f6nnen, beleidigende oder allgemein als vulg\u00e4r geltende Inhalte, beleidigende Inhalte, Inhalte, die gegen die guten Sitten oder die \u00f6ffentliche Ordnung versto\u00dfen, Inhalte, die religi\u00f6se Praktiken oder \u00dcberzeugungen beleidigen, Inhalte, die obsz\u00f6n, pornografisch oder p\u00e4dophil sind), sind untersagt.<\/li>\n \t<li>Im Allgemeinen sind Inhalte, die gegen geistige Eigentumsrechte und Urheberrechte (Texte, Bilder, Videos, Gesch\u00e4ftsgeheimnisse, interne oder vertrauliche Informationen usw.), geltende Gesetze und Vorschriften versto\u00dfen, auf unseren Servern ebenfalls verboten.<\/li>\n \t<li>Jeder Kunde, dessen Webseite (oder andere Anwendung) von &#8220;D\u00c9DICACE SOFTWARE&#8221; verwaltet wird, muss sicherstellen, dass kein Besucher Kommentare, Blogs oder Meinungen einf\u00fcgen kann, die den folgenden Beschr\u00e4nkungen widersprechen:<\/li>\n<\/ol>\n<ul>\n \t<li>keine Kommentare, die den Charakter einer rassistischen Beleidigung haben;<\/li>\n \t<li>keine beleidigende oder allgemein als vulg\u00e4r geltende Sprache;<\/li>\n \t<li>Keine beleidigende Sprache gegen\u00fcber religi\u00f6sen Praktiken oder \u00dcberzeugungen;<\/li>\n \t<li>Abwesenheit von revisionistischen Inhalten ;<\/li>\n \t<li>keine pornografischen oder p\u00e4dophilen Inhalte;<\/li>\n<\/ul><\/span>\n<span style=\"color: var(--color-dark-body); font-size: var(--font-size-b1); font-family: var(--font-primary);\">Dar\u00fcber hinaus werden aus Gr\u00fcnden der strikten Neutralit\u00e4t keine politischen, philosophischen oder religi\u00f6sen Inhalte von &#8220;D\u00c9DICACE SOFTWARE&#8221; verwaltet.<\/span>\n\n<span style=\"color: var(--color-dark-body); font-size: var(--font-size-b1); font-family: var(--font-primary);\">Die Nichteinhaltung dieser Ethik-Charta f\u00fchrt zu :<\/span>\n<ul>\n \t<li>Im Rahmen eines von &#8220;D\u00c9DICACE SOFTWARE&#8221; bereitgestellten Hostings: Sofortige Einstellung der f\u00fcr den betreffenden Kunden auf dem betreffenden Server bereitgestellten Hosting-Dienste, solange der Inhalt nicht mit unseren Richtlinien \u00fcbereinstimmt;<\/li>\n \t<li>In allen anderen F\u00e4llen ist eine Intervention von &#8220;D\u00c9DICACE SOFTWARE&#8221; nicht m\u00f6glich, solange der Inhalt nicht mit unseren Richtlinien \u00fcbereinstimmt.<\/li>\n<\/ul>\n<strong><mark class=\"has-inline-color has-primary-color\" style=\"background-color: rgba(0, 0, 0, 0);\">Pr\u00e4zisierungen zur Anwendung der Ethik-Charta :<\/mark><\/strong>\n<br><br>\n<span style=\"color: var(--color-dark-body); font-size: var(--font-size-b1); font-family: var(--font-primary);\">In \u00dcbereinstimmung mit den in Artikel 3 beschriebenen Werten bedeutet die Anwendung der Ethik-Charta die systematische und kategorische Ablehnung jeglicher Links zu den folgenden Inhalten:  <ul>\n \t<li>Hassreden, Bel\u00e4stigung, Beleidigungen, Drohungen, verleumderische Inhalte gegen Einzelpersonen, Gruppen, Staaten.<\/li>\n<li>Nicht jugendfreier Inhalt, der suggestiv, provozierend oder explizit ist.<\/li>\n<li>Unbegr\u00fcndete oder nicht \u00fcberpr\u00fcfbare, irref\u00fchrende oder zweideutige Informationen.<\/li>\n<li>Unlautere oder missbr\u00e4uchliche Aktivit\u00e4ten oder Inhalte.<\/li>\n<li>Religi\u00f6se Inhalte, Wahrsagerei, Astrologie, Okkultismus, etc.<\/li>\n<li>Gl\u00fccksspiel und Gl\u00fccksspiel um Geld sowie jedes Spiel, das eine Sucht oder Abh\u00e4ngigkeit verursacht.<\/li>\n<li>Waffen im Allgemeinen, Krieg, Aufstand, Demonstration.<\/li>\n<li>Drogen, Tabak und alle Produkte, die eine Bedrohung f\u00fcr die Gesundheit darstellen.<\/li>\n<li>Dating-Websites, Libertinage, Swingen oder andere.<\/li><\/span><br><br>\n<div class=\"wp-block-image\">\n<figure class=\"aligncenter size-full is-resized\"><img fetchpriority=\"high\" decoding=\"async\" class=\"wp-image-3635\" src=\"https:\/\/www.dedisoft.com\/wp-content\/uploads\/2022\/04\/PNG-1-1.png\" alt=\"\" width=\"597\" height=\"453\" srcset=\"https:\/\/www.dedisoft.com\/wp-content\/uploads\/2022\/04\/PNG-1-1.png 2389w, https:\/\/www.dedisoft.com\/wp-content\/uploads\/2022\/04\/PNG-1-1-300x227.png 300w, https:\/\/www.dedisoft.com\/wp-content\/uploads\/2022\/04\/PNG-1-1-1024x776.png 1024w, https:\/\/www.dedisoft.com\/wp-content\/uploads\/2022\/04\/PNG-1-1-768x582.png 768w, https:\/\/www.dedisoft.com\/wp-content\/uploads\/2022\/04\/PNG-1-1-1536x1164.png 1536w, https:\/\/www.dedisoft.com\/wp-content\/uploads\/2022\/04\/PNG-1-1-2048x1553.png 2048w\" sizes=\"(max-width: 597px) 100vw, 597px\" \/><\/figure>\n<\/div>\t\t\t\t\t\t\t\t<\/div>\n\t\t\t\t<\/div>\n\t\t\t\t\t<\/div>\n\t\t<\/div>\n\t\t\t\t\t<\/div>\n\t\t<\/section>\n\t\t\t\t<\/div>\n\t\t","protected":false},"excerpt":{"rendered":"<p>Willkommen bei der Politik der Software-Dedikation &#8220;D\u00c9DICACE SOFTWARE&#8221; hat eine ethische Politik gew\u00e4hlt, die moralische Werte und die Menschenw\u00fcrde respektiert. Dabei wird &#8220;D\u00c9DICACE SOFTWARE&#8221; nur das Hosting von Daten akzeptieren, die den folgenden Beschr\u00e4nkungen unterliegen: Inhalte, die als beleidigend angesehen werden (diskriminierende, rassistische oder fremdenfeindliche, revisionistische oder negationistische, verleumderische, gewaltt\u00e4tige oder zu Gewalt aufrufende Inhalte, [&hellip;]<\/p>\n","protected":false},"author":2,"featured_media":0,"parent":0,"menu_order":0,"comment_status":"closed","ping_status":"closed","template":"","meta":{"_acf_changed":false,"footnotes":""},"class_list":["post-6359","page","type-page","status-publish","hentry"],"acf":[],"aioseo_notices":[],"_links":{"self":[{"href":"https:\/\/www.dedisoft.com\/de\/wp-json\/wp\/v2\/pages\/6359","targetHints":{"allow":["GET"]}}],"collection":[{"href":"https:\/\/www.dedisoft.com\/de\/wp-json\/wp\/v2\/pages"}],"about":[{"href":"https:\/\/www.dedisoft.com\/de\/wp-json\/wp\/v2\/types\/page"}],"author":[{"embeddable":true,"href":"https:\/\/www.dedisoft.com\/de\/wp-json\/wp\/v2\/users\/2"}],"replies":[{"embeddable":true,"href":"https:\/\/www.dedisoft.com\/de\/wp-json\/wp\/v2\/comments?post=6359"}],"version-history":[{"count":1,"href":"https:\/\/www.dedisoft.com\/de\/wp-json\/wp\/v2\/pages\/6359\/revisions"}],"predecessor-version":[{"id":6361,"href":"https:\/\/www.dedisoft.com\/de\/wp-json\/wp\/v2\/pages\/6359\/revisions\/6361"}],"wp:attachment":[{"href":"https:\/\/www.dedisoft.com\/de\/wp-json\/wp\/v2\/media?parent=6359"}],"curies":[{"name":"wp","href":"https:\/\/api.w.org\/{rel}","templated":true}]}}