{"id":6362,"date":"2022-06-20T10:20:31","date_gmt":"2022-06-20T08:20:31","guid":{"rendered":"https:\/\/www.dedisoft.com\/qualitaet-der-dienstleistung\/"},"modified":"2024-11-22T12:03:38","modified_gmt":"2024-11-22T11:03:38","slug":"qualitaet-der-dienstleistung","status":"publish","type":"page","link":"https:\/\/www.dedisoft.com\/de\/qualitaet-der-dienstleistung\/","title":{"rendered":"Qualit\u00e4t der Dienstleistung"},"content":{"rendered":"\t\t<div data-elementor-type=\"wp-page\" data-elementor-id=\"6362\" class=\"elementor elementor-6362 elementor-4421\" data-elementor-post-type=\"page\">\n\t\t\t\t\t\t<section class=\"elementor-section elementor-top-section elementor-element elementor-element-6fc796d elementor-section-boxed elementor-section-height-default elementor-section-height-default\" data-id=\"6fc796d\" data-element_type=\"section\" data-e-type=\"section\">\n\t\t\t\t\t\t<div class=\"elementor-container elementor-column-gap-default\">\n\t\t\t\t\t<div class=\"elementor-column elementor-col-100 elementor-top-column elementor-element elementor-element-6791835\" data-id=\"6791835\" data-element_type=\"column\" data-e-type=\"column\">\n\t\t\t<div class=\"elementor-widget-wrap\">\n\t\t\t\t\t\t\t<\/div>\n\t\t<\/div>\n\t\t\t\t\t<\/div>\n\t\t<\/section>\n\t\t\t\t<section class=\"elementor-section elementor-top-section elementor-element elementor-element-fb2421e elementor-section-boxed elementor-section-height-default elementor-section-height-default\" data-id=\"fb2421e\" data-element_type=\"section\" data-e-type=\"section\">\n\t\t\t\t\t\t<div class=\"elementor-container elementor-column-gap-default\">\n\t\t\t\t\t<div class=\"elementor-column elementor-col-100 elementor-top-column elementor-element elementor-element-4ba955a\" data-id=\"4ba955a\" data-element_type=\"column\" data-e-type=\"column\">\n\t\t\t<div class=\"elementor-widget-wrap elementor-element-populated\">\n\t\t\t\t\t\t<div class=\"elementor-element elementor-element-cf59250 elementor-widget elementor-widget-imroz-section-title\" data-id=\"cf59250\" data-element_type=\"widget\" data-e-type=\"widget\" data-widget_type=\"imroz-section-title.default\">\n\t\t\t\t<div class=\"elementor-widget-container\">\n\t\t\t\t\t        <div class=\"section-title mb--20 mb_sm--0 text-center\">\r\n                                        <span class=\"sub-title\">Voici quelques-unes des<\/span>\r\n                        <h2 class=\"title rbt-section-title\"><span>Informations Utilis\u00e9es<\/span><\/h2>                            <p>La qualit\u00e9 de service est une exigence naturelle des entreprises.<br>\nNotre service qualit\u00e9 a d\u00e9fini et instaur\u00e9 des outils et des m\u00e9thodes de travail permettant de r\u00e9pondre \u00e0 la politique de qualit\u00e9 de notre soci\u00e9t\u00e9.<br>\nIl collabore \u00e9troitement \u00e0 l'am\u00e9lioration continue de nos prestations.<\/p>\r\n                            <\/div>\r\n        \t\t\t\t<\/div>\n\t\t\t\t<\/div>\n\t\t\t\t<div class=\"elementor-element elementor-element-480496f elementor-widget elementor-widget-spacer\" data-id=\"480496f\" data-element_type=\"widget\" data-e-type=\"widget\" data-widget_type=\"spacer.default\">\n\t\t\t\t<div class=\"elementor-widget-container\">\n\t\t\t\t\t\t\t<div class=\"elementor-spacer\">\n\t\t\t<div class=\"elementor-spacer-inner\"><\/div>\n\t\t<\/div>\n\t\t\t\t\t\t<\/div>\n\t\t\t\t<\/div>\n\t\t\t\t\t<\/div>\n\t\t<\/div>\n\t\t\t\t\t<\/div>\n\t\t<\/section>\n\t\t\t\t<section class=\"elementor-section elementor-top-section elementor-element elementor-element-7700962 elementor-section-boxed elementor-section-height-default elementor-section-height-default\" data-id=\"7700962\" data-element_type=\"section\" data-e-type=\"section\">\n\t\t\t\t\t\t<div class=\"elementor-container elementor-column-gap-default\">\n\t\t\t\t\t<div class=\"elementor-column elementor-col-50 elementor-top-column elementor-element elementor-element-2fd9f32\" data-id=\"2fd9f32\" data-element_type=\"column\" data-e-type=\"column\">\n\t\t\t<div class=\"elementor-widget-wrap elementor-element-populated\">\n\t\t\t\t\t\t<div class=\"elementor-element elementor-element-2305f18 elementor-widget elementor-widget-imroz-section-title\" data-id=\"2305f18\" data-element_type=\"widget\" data-e-type=\"widget\" data-widget_type=\"imroz-section-title.default\">\n\t\t\t\t<div class=\"elementor-widget-container\">\n\t\t\t\t\t        <div class=\"section-title mb--20 mb_sm--0 text-center\">\r\n                                    <h2 class=\"title rbt-section-title\"><span>Suivi r\u00e9gulier de nos clients<\/span><\/h2>                            <\/div>\r\n        \t\t\t\t<\/div>\n\t\t\t\t<\/div>\n\t\t\t\t<div class=\"elementor-element elementor-element-613546c elementor-widget elementor-widget-text-editor\" data-id=\"613546c\" data-element_type=\"widget\" data-e-type=\"widget\" data-widget_type=\"text-editor.default\">\n\t\t\t\t<div class=\"elementor-widget-container\">\n\t\t\t\t\t\t\t\t\t<p>Das Verkaufsteam achtet auf die Bed\u00fcrfnisse der Kunden und kontaktiert sie regelm\u00e4\u00dfig, um ihnen die volle Freiheit zu geben, sich zu \u00e4u\u00dfern und alle Informationen zu ber\u00fccksichtigen, die f\u00fcr die Verbesserung ihres Vertrages und unserer Dienstleistungen n\u00fctzlich sind.<\/p>\n<p>Wir versuchen, so transparent wie m\u00f6glich mit unseren Kunden zu sein und wir sch\u00e4tzen diesen ehrlichen und aufrichtigen Austausch, um die tats\u00e4chlichen Bed\u00fcrfnisse und Schwierigkeiten, die jedem von uns passieren k\u00f6nnen, besser zu verstehen. Das Zuh\u00f6ren unserer Kunden erm\u00f6glicht es uns, unsere Servicequalit\u00e4t st\u00e4ndig zu verbessern. <\/p>\n\t\t\t\t\t\t\t\t<\/div>\n\t\t\t\t<\/div>\n\t\t\t\t\t<\/div>\n\t\t<\/div>\n\t\t\t\t<div class=\"elementor-column elementor-col-50 elementor-top-column elementor-element elementor-element-876ee7b\" data-id=\"876ee7b\" data-element_type=\"column\" data-e-type=\"column\">\n\t\t\t<div class=\"elementor-widget-wrap elementor-element-populated\">\n\t\t\t\t\t\t<div class=\"elementor-element elementor-element-c63612b elementor-widget elementor-widget-image\" data-id=\"c63612b\" data-element_type=\"widget\" data-e-type=\"widget\" data-widget_type=\"image.default\">\n\t\t\t\t<div class=\"elementor-widget-container\">\n\t\t\t\t\t\t\t\t\t\t\t\t\t\t\t<img fetchpriority=\"high\" decoding=\"async\" width=\"390\" height=\"532\" src=\"https:\/\/www.dedisoft.com\/wp-content\/uploads\/2022\/04\/C-S-2-390x532.png\" class=\"attachment-imroz-portfolio-thumb size-imroz-portfolio-thumb wp-image-3119\" alt=\"\" \/>\t\t\t\t\t\t\t\t\t\t\t\t\t\t\t<\/div>\n\t\t\t\t<\/div>\n\t\t\t\t\t<\/div>\n\t\t<\/div>\n\t\t\t\t\t<\/div>\n\t\t<\/section>\n\t\t\t\t<section class=\"elementor-section elementor-top-section elementor-element elementor-element-c376e39 elementor-section-boxed elementor-section-height-default elementor-section-height-default\" data-id=\"c376e39\" data-element_type=\"section\" data-e-type=\"section\">\n\t\t\t\t\t\t<div class=\"elementor-container elementor-column-gap-default\">\n\t\t\t\t\t<div class=\"elementor-column elementor-col-100 elementor-top-column elementor-element elementor-element-a30ab05\" data-id=\"a30ab05\" data-element_type=\"column\" data-e-type=\"column\">\n\t\t\t<div class=\"elementor-widget-wrap\">\n\t\t\t\t\t\t\t<\/div>\n\t\t<\/div>\n\t\t\t\t\t<\/div>\n\t\t<\/section>\n\t\t\t\t<section class=\"elementor-section elementor-top-section elementor-element elementor-element-6a974b7 elementor-section-boxed elementor-section-height-default elementor-section-height-default\" data-id=\"6a974b7\" data-element_type=\"section\" data-e-type=\"section\">\n\t\t\t\t\t\t<div class=\"elementor-container elementor-column-gap-default\">\n\t\t\t\t\t<div class=\"elementor-column elementor-col-50 elementor-top-column elementor-element elementor-element-2ab520b\" data-id=\"2ab520b\" data-element_type=\"column\" data-e-type=\"column\">\n\t\t\t<div class=\"elementor-widget-wrap elementor-element-populated\">\n\t\t\t\t\t\t<div class=\"elementor-element elementor-element-ab495bf elementor-widget elementor-widget-spacer\" data-id=\"ab495bf\" data-element_type=\"widget\" data-e-type=\"widget\" data-widget_type=\"spacer.default\">\n\t\t\t\t<div class=\"elementor-widget-container\">\n\t\t\t\t\t\t\t<div class=\"elementor-spacer\">\n\t\t\t<div class=\"elementor-spacer-inner\"><\/div>\n\t\t<\/div>\n\t\t\t\t\t\t<\/div>\n\t\t\t\t<\/div>\n\t\t\t\t<div class=\"elementor-element elementor-element-701ca28 elementor-widget elementor-widget-image\" data-id=\"701ca28\" data-element_type=\"widget\" data-e-type=\"widget\" data-widget_type=\"image.default\">\n\t\t\t\t<div class=\"elementor-widget-container\">\n\t\t\t\t\t\t\t\t\t\t\t\t\t\t\t<img decoding=\"async\" width=\"640\" height=\"360\" src=\"https:\/\/www.dedisoft.com\/wp-content\/uploads\/2022\/04\/Web-3-1024x576.png\" class=\"attachment-large size-large wp-image-3163\" alt=\"\" srcset=\"https:\/\/www.dedisoft.com\/wp-content\/uploads\/2022\/04\/Web-3-1024x576.png 1024w, https:\/\/www.dedisoft.com\/wp-content\/uploads\/2022\/04\/Web-3-300x169.png 300w, https:\/\/www.dedisoft.com\/wp-content\/uploads\/2022\/04\/Web-3-768x432.png 768w, https:\/\/www.dedisoft.com\/wp-content\/uploads\/2022\/04\/Web-3-1536x864.png 1536w, https:\/\/www.dedisoft.com\/wp-content\/uploads\/2022\/04\/Web-3-2048x1152.png 2048w\" sizes=\"(max-width: 640px) 100vw, 640px\" \/>\t\t\t\t\t\t\t\t\t\t\t\t\t\t\t<\/div>\n\t\t\t\t<\/div>\n\t\t\t\t\t<\/div>\n\t\t<\/div>\n\t\t\t\t<div class=\"elementor-column elementor-col-50 elementor-top-column elementor-element elementor-element-27bd5cc\" data-id=\"27bd5cc\" data-element_type=\"column\" data-e-type=\"column\">\n\t\t\t<div class=\"elementor-widget-wrap elementor-element-populated\">\n\t\t\t\t\t\t<div class=\"elementor-element elementor-element-1f8a0b9 elementor-widget elementor-widget-imroz-section-title\" data-id=\"1f8a0b9\" data-element_type=\"widget\" data-e-type=\"widget\" data-widget_type=\"imroz-section-title.default\">\n\t\t\t\t<div class=\"elementor-widget-container\">\n\t\t\t\t\t        <div class=\"section-title mb--20 mb_sm--0 text-center\">\r\n                                    <h2 class=\"title rbt-section-title\"><span>Suivi personnalis\u00e9 de nos prestations<\/span><\/h2>                            <\/div>\r\n        \t\t\t\t<\/div>\n\t\t\t\t<\/div>\n\t\t\t\t<div class=\"elementor-element elementor-element-77234c5 elementor-widget elementor-widget-text-editor\" data-id=\"77234c5\" data-element_type=\"widget\" data-e-type=\"widget\" data-widget_type=\"text-editor.default\">\n\t\t\t\t<div class=\"elementor-widget-container\">\n\t\t\t\t\t\t\t\t\t<p>Alle unsere Tools beinhalten ein System zur Kontrolle der Einhaltung der angek\u00fcndigten Fristen. Jede \u00dcberschreitung dieser Frist, die unseren Diensten zuzuschreiben ist, f\u00fchrt zu einer Korrektur unserer Verfahren, unserer eingesetzten Mittel und aller anderen Elemente, die diese Anomalie endg\u00fcltig beheben.<\/p>\n<p>Der Kunde kann dann feststellen, dass sein Unbehagen geh\u00f6rt wurde und dass alles getan wurde, um eine Wiederholung zu vermeiden.<\/p>\n\t\t\t\t\t\t\t\t<\/div>\n\t\t\t\t<\/div>\n\t\t\t\t\t<\/div>\n\t\t<\/div>\n\t\t\t\t\t<\/div>\n\t\t<\/section>\n\t\t\t\t<section class=\"elementor-section elementor-top-section elementor-element elementor-element-cd3bdb5 elementor-section-boxed elementor-section-height-default elementor-section-height-default\" data-id=\"cd3bdb5\" data-element_type=\"section\" data-e-type=\"section\">\n\t\t\t\t\t\t<div class=\"elementor-container elementor-column-gap-default\">\n\t\t\t\t\t<div class=\"elementor-column elementor-col-100 elementor-top-column elementor-element elementor-element-47d37f2\" data-id=\"47d37f2\" data-element_type=\"column\" data-e-type=\"column\">\n\t\t\t<div class=\"elementor-widget-wrap elementor-element-populated\">\n\t\t\t\t\t\t<div class=\"elementor-element elementor-element-c6e136a elementor-widget elementor-widget-spacer\" data-id=\"c6e136a\" data-element_type=\"widget\" data-e-type=\"widget\" data-widget_type=\"spacer.default\">\n\t\t\t\t<div class=\"elementor-widget-container\">\n\t\t\t\t\t\t\t<div class=\"elementor-spacer\">\n\t\t\t<div class=\"elementor-spacer-inner\"><\/div>\n\t\t<\/div>\n\t\t\t\t\t\t<\/div>\n\t\t\t\t<\/div>\n\t\t\t\t\t<\/div>\n\t\t<\/div>\n\t\t\t\t\t<\/div>\n\t\t<\/section>\n\t\t\t\t<section class=\"elementor-section elementor-top-section elementor-element elementor-element-4549d39 elementor-section-boxed elementor-section-height-default elementor-section-height-default\" data-id=\"4549d39\" data-element_type=\"section\" data-e-type=\"section\">\n\t\t\t\t\t\t<div class=\"elementor-container elementor-column-gap-default\">\n\t\t\t\t\t<div class=\"elementor-column elementor-col-50 elementor-top-column elementor-element elementor-element-97de5f2\" data-id=\"97de5f2\" data-element_type=\"column\" data-e-type=\"column\">\n\t\t\t<div class=\"elementor-widget-wrap elementor-element-populated\">\n\t\t\t\t\t\t<div class=\"elementor-element elementor-element-3b5b2df elementor-widget elementor-widget-imroz-section-title\" data-id=\"3b5b2df\" data-element_type=\"widget\" data-e-type=\"widget\" data-widget_type=\"imroz-section-title.default\">\n\t\t\t\t<div class=\"elementor-widget-container\">\n\t\t\t\t\t        <div class=\"section-title mb--20 mb_sm--0 text-center\">\r\n                                    <h2 class=\"title rbt-section-title\"><span>L\u2019enregistrement et l\u2019\u00e9coute t\u00e9l\u00e9phonique<\/span><\/h2>                            <\/div>\r\n        \t\t\t\t<\/div>\n\t\t\t\t<\/div>\n\t\t\t\t<div class=\"elementor-element elementor-element-deea8f7 elementor-widget elementor-widget-text-editor\" data-id=\"deea8f7\" data-element_type=\"widget\" data-e-type=\"widget\" data-widget_type=\"text-editor.default\">\n\t\t\t\t<div class=\"elementor-widget-container\">\n\t\t\t\t\t\t\t\t\t<p>Bei einem telefonischen Kontakt mit einem unserer Dienste kann eine Aufzeichnung oder ein Abh\u00f6ren des Telefons erfolgen.<\/p>\n<p>Diese Aktionen k\u00f6nnen nur f\u00fcr die Schulung unserer Mitarbeiter oder zur Sicherung unserer Dienste verwendet werden.<\/p>\n<p>Diese Aufzeichnungen werden nur intern gespeichert und verwaltet, Dritte haben keinen Zugang zu ihnen.<\/p>\n<p>Nur das Management hat Zugang zu diesen Aufzeichnungen. Dar\u00fcber hinaus werden die Aufzeichnungen systematisch innerhalb von 30 Tagen nach ihrer Ver\u00f6ffentlichung vernichtet. <\/p>\n\t\t\t\t\t\t\t\t<\/div>\n\t\t\t\t<\/div>\n\t\t\t\t\t<\/div>\n\t\t<\/div>\n\t\t\t\t<div class=\"elementor-column elementor-col-50 elementor-top-column elementor-element elementor-element-9050988\" data-id=\"9050988\" data-element_type=\"column\" data-e-type=\"column\">\n\t\t\t<div class=\"elementor-widget-wrap elementor-element-populated\">\n\t\t\t\t\t\t<div class=\"elementor-element elementor-element-fee79f1 elementor-widget elementor-widget-image\" data-id=\"fee79f1\" data-element_type=\"widget\" data-e-type=\"widget\" data-widget_type=\"image.default\">\n\t\t\t\t<div class=\"elementor-widget-container\">\n\t\t\t\t\t\t\t\t\t\t\t\t\t\t\t<img decoding=\"async\" width=\"640\" height=\"960\" src=\"https:\/\/www.dedisoft.com\/wp-content\/uploads\/2021\/09\/web-application-scaled-1-683x1024.jpg\" class=\"attachment-large size-large wp-image-1603\" alt=\"web application\" srcset=\"https:\/\/www.dedisoft.com\/wp-content\/uploads\/2021\/09\/web-application-scaled-1-683x1024.jpg 683w, https:\/\/www.dedisoft.com\/wp-content\/uploads\/2021\/09\/web-application-scaled-1-200x300.jpg 200w, https:\/\/www.dedisoft.com\/wp-content\/uploads\/2021\/09\/web-application-scaled-1-768x1152.jpg 768w, https:\/\/www.dedisoft.com\/wp-content\/uploads\/2021\/09\/web-application-scaled-1-1024x1536.jpg 1024w, https:\/\/www.dedisoft.com\/wp-content\/uploads\/2021\/09\/web-application-scaled-1-1366x2048.jpg 1366w, https:\/\/www.dedisoft.com\/wp-content\/uploads\/2021\/09\/web-application-scaled-1.jpg 1707w\" sizes=\"(max-width: 640px) 100vw, 640px\" \/>\t\t\t\t\t\t\t\t\t\t\t\t\t\t\t<\/div>\n\t\t\t\t<\/div>\n\t\t\t\t\t<\/div>\n\t\t<\/div>\n\t\t\t\t\t<\/div>\n\t\t<\/section>\n\t\t\t\t<section class=\"elementor-section elementor-top-section elementor-element elementor-element-e8268bd elementor-section-boxed elementor-section-height-default elementor-section-height-default\" data-id=\"e8268bd\" data-element_type=\"section\" data-e-type=\"section\">\n\t\t\t\t\t\t<div class=\"elementor-container elementor-column-gap-default\">\n\t\t\t\t\t<div class=\"elementor-column elementor-col-100 elementor-top-column elementor-element elementor-element-76de9a1\" data-id=\"76de9a1\" data-element_type=\"column\" data-e-type=\"column\">\n\t\t\t<div class=\"elementor-widget-wrap elementor-element-populated\">\n\t\t\t\t\t\t<div class=\"elementor-element elementor-element-af634fd elementor-widget elementor-widget-spacer\" data-id=\"af634fd\" data-element_type=\"widget\" data-e-type=\"widget\" data-widget_type=\"spacer.default\">\n\t\t\t\t<div class=\"elementor-widget-container\">\n\t\t\t\t\t\t\t<div class=\"elementor-spacer\">\n\t\t\t<div class=\"elementor-spacer-inner\"><\/div>\n\t\t<\/div>\n\t\t\t\t\t\t<\/div>\n\t\t\t\t<\/div>\n\t\t\t\t\t<\/div>\n\t\t<\/div>\n\t\t\t\t\t<\/div>\n\t\t<\/section>\n\t\t\t\t<section class=\"elementor-section elementor-top-section elementor-element elementor-element-7719dfd elementor-section-boxed elementor-section-height-default elementor-section-height-default\" data-id=\"7719dfd\" data-element_type=\"section\" data-e-type=\"section\">\n\t\t\t\t\t\t<div class=\"elementor-container elementor-column-gap-default\">\n\t\t\t\t\t<div class=\"elementor-column elementor-col-50 elementor-top-column elementor-element elementor-element-12e1795\" data-id=\"12e1795\" data-element_type=\"column\" data-e-type=\"column\">\n\t\t\t<div class=\"elementor-widget-wrap elementor-element-populated\">\n\t\t\t\t\t\t<div class=\"elementor-element elementor-element-de31150 elementor-widget elementor-widget-image\" data-id=\"de31150\" data-element_type=\"widget\" data-e-type=\"widget\" data-widget_type=\"image.default\">\n\t\t\t\t<div class=\"elementor-widget-container\">\n\t\t\t\t\t\t\t\t\t\t\t\t\t\t\t<img loading=\"lazy\" decoding=\"async\" width=\"390\" height=\"532\" src=\"https:\/\/www.dedisoft.com\/wp-content\/uploads\/2022\/04\/FF-1-390x532.png\" class=\"attachment-imroz-portfolio-thumb size-imroz-portfolio-thumb wp-image-3134\" alt=\"\" \/>\t\t\t\t\t\t\t\t\t\t\t\t\t\t\t<\/div>\n\t\t\t\t<\/div>\n\t\t\t\t\t<\/div>\n\t\t<\/div>\n\t\t\t\t<div class=\"elementor-column elementor-col-50 elementor-top-column elementor-element elementor-element-1b05629\" data-id=\"1b05629\" data-element_type=\"column\" data-e-type=\"column\">\n\t\t\t<div class=\"elementor-widget-wrap elementor-element-populated\">\n\t\t\t\t\t\t<div class=\"elementor-element elementor-element-acea6f0 elementor-widget elementor-widget-imroz-section-title\" data-id=\"acea6f0\" data-element_type=\"widget\" data-e-type=\"widget\" data-widget_type=\"imroz-section-title.default\">\n\t\t\t\t<div class=\"elementor-widget-container\">\n\t\t\t\t\t        <div class=\"section-title mb--20 mb_sm--0 text-center\">\r\n                                    <h2 class=\"title rbt-section-title\"><span>Ce n'est pas tout !<\/span><\/h2>                            <\/div>\r\n        \t\t\t\t<\/div>\n\t\t\t\t<\/div>\n\t\t\t\t<div class=\"elementor-element elementor-element-aa30c74 elementor-widget elementor-widget-text-editor\" data-id=\"aa30c74\" data-element_type=\"widget\" data-e-type=\"widget\" data-widget_type=\"text-editor.default\">\n\t\t\t\t<div class=\"elementor-widget-container\">\n\t\t\t\t\t\t\t\t\t<p>Mit dem Kunden zu interagieren und in Rekordzeit passende L\u00f6sungen zu finden, ist gut, aber vorausschauend zu handeln, ist besser!<\/p>\n<p>Aus diesem Grund f\u00fchrt D\u00e9dicace Software regelm\u00e4\u00dfig Schulungen mit anschlie\u00dfenden Zertifizierungen durch, die die Kompetenz und den erfahrenen Professionalismus seiner Mitarbeiter belegen. Ob es sich um neu erworbene F\u00e4higkeiten oder technologische Upgrades handelt, dies ist eine unbestrittene interne Politik, der alle unsere Mitarbeiter unterliegen. <\/p>\n<p>Unser Motto lautet: &#8220;Alles, was getan wird, muss zertifizierbar sein&#8221;.<\/p>\n\t\t\t\t\t\t\t\t<\/div>\n\t\t\t\t<\/div>\n\t\t\t\t\t<\/div>\n\t\t<\/div>\n\t\t\t\t\t<\/div>\n\t\t<\/section>\n\t\t\t\t<section class=\"elementor-section elementor-top-section elementor-element elementor-element-bc8ad4e elementor-section-boxed elementor-section-height-default elementor-section-height-default\" data-id=\"bc8ad4e\" data-element_type=\"section\" data-e-type=\"section\">\n\t\t\t\t\t\t<div class=\"elementor-container elementor-column-gap-default\">\n\t\t\t\t\t<div class=\"elementor-column elementor-col-100 elementor-top-column elementor-element elementor-element-67a2ce6\" data-id=\"67a2ce6\" data-element_type=\"column\" data-e-type=\"column\">\n\t\t\t<div class=\"elementor-widget-wrap elementor-element-populated\">\n\t\t\t\t\t\t<div class=\"elementor-element elementor-element-39485a2 elementor-widget elementor-widget-spacer\" data-id=\"39485a2\" data-element_type=\"widget\" data-e-type=\"widget\" data-widget_type=\"spacer.default\">\n\t\t\t\t<div class=\"elementor-widget-container\">\n\t\t\t\t\t\t\t<div class=\"elementor-spacer\">\n\t\t\t<div class=\"elementor-spacer-inner\"><\/div>\n\t\t<\/div>\n\t\t\t\t\t\t<\/div>\n\t\t\t\t<\/div>\n\t\t\t\t\t<\/div>\n\t\t<\/div>\n\t\t\t\t\t<\/div>\n\t\t<\/section>\n\t\t\t\t<\/div>\n\t\t","protected":false},"excerpt":{"rendered":"<p>Voici quelques-unes des Informations Utilis\u00e9es La qualit\u00e9 de service est une exigence naturelle des entreprises. Notre service qualit\u00e9 a d\u00e9fini et instaur\u00e9 des outils et des m\u00e9thodes de travail permettant de r\u00e9pondre \u00e0 la politique de qualit\u00e9 de notre soci\u00e9t\u00e9. Il collabore \u00e9troitement \u00e0 l&#8217;am\u00e9lioration continue de nos prestations. Suivi r\u00e9gulier de nos clients Das [&hellip;]<\/p>\n","protected":false},"author":2,"featured_media":0,"parent":0,"menu_order":0,"comment_status":"closed","ping_status":"closed","template":"","meta":{"_acf_changed":false,"footnotes":""},"class_list":["post-6362","page","type-page","status-publish","hentry"],"acf":[],"aioseo_notices":[],"_links":{"self":[{"href":"https:\/\/www.dedisoft.com\/de\/wp-json\/wp\/v2\/pages\/6362","targetHints":{"allow":["GET"]}}],"collection":[{"href":"https:\/\/www.dedisoft.com\/de\/wp-json\/wp\/v2\/pages"}],"about":[{"href":"https:\/\/www.dedisoft.com\/de\/wp-json\/wp\/v2\/types\/page"}],"author":[{"embeddable":true,"href":"https:\/\/www.dedisoft.com\/de\/wp-json\/wp\/v2\/users\/2"}],"replies":[{"embeddable":true,"href":"https:\/\/www.dedisoft.com\/de\/wp-json\/wp\/v2\/comments?post=6362"}],"version-history":[{"count":1,"href":"https:\/\/www.dedisoft.com\/de\/wp-json\/wp\/v2\/pages\/6362\/revisions"}],"predecessor-version":[{"id":6364,"href":"https:\/\/www.dedisoft.com\/de\/wp-json\/wp\/v2\/pages\/6362\/revisions\/6364"}],"wp:attachment":[{"href":"https:\/\/www.dedisoft.com\/de\/wp-json\/wp\/v2\/media?parent=6362"}],"curies":[{"name":"wp","href":"https:\/\/api.w.org\/{rel}","templated":true}]}}