{"id":5928,"date":"2022-06-08T11:20:03","date_gmt":"2022-06-08T09:20:03","guid":{"rendered":"https:\/\/www.dedisoft.com\/integration\/"},"modified":"2024-02-26T13:30:03","modified_gmt":"2024-02-26T12:30:03","slug":"integration","status":"publish","type":"page","link":"https:\/\/www.dedisoft.com\/en\/integration\/","title":{"rendered":"Integration"},"content":{"rendered":"\t\t<div data-elementor-type=\"wp-page\" data-elementor-id=\"5928\" class=\"elementor elementor-5928 elementor-4313\" data-elementor-post-type=\"page\">\n\t\t\t\t\t\t<section class=\"elementor-section elementor-top-section elementor-element elementor-element-091382c elementor-section-boxed elementor-section-height-default elementor-section-height-default\" data-id=\"091382c\" data-element_type=\"section\" data-e-type=\"section\">\n\t\t\t\t\t\t<div class=\"elementor-container elementor-column-gap-default\">\n\t\t\t\t\t<div class=\"elementor-column elementor-col-100 elementor-top-column elementor-element elementor-element-6f4e11b\" data-id=\"6f4e11b\" data-element_type=\"column\" data-e-type=\"column\">\n\t\t\t<div class=\"elementor-widget-wrap elementor-element-populated\">\n\t\t\t\t\t\t<div class=\"elementor-element elementor-element-3a08346 elementor-widget elementor-widget-imroz-section-title\" data-id=\"3a08346\" data-element_type=\"widget\" data-e-type=\"widget\" data-widget_type=\"imroz-section-title.default\">\n\t\t\t\t<div class=\"elementor-widget-container\">\n\t\t\t\t\t        <div class=\"section-title mb--20 mb_sm--0 text-center\">\r\n                                    <h2 class=\"title rbt-section-title\"><span>Bienvenue dans l'univers de l'int\u00e9gration, o\u00f9 l'expertise technologique rencontre la personnalisation pour r\u00e9pondre \u00e0 vos besoins sp\u00e9cifiques.<\/span><\/h2>                            <\/div>\r\n        \t\t\t\t<\/div>\n\t\t\t\t<\/div>\n\t\t\t\t<div class=\"elementor-element elementor-element-1f23521 elementor-widget elementor-widget-imroz-section-title\" data-id=\"1f23521\" data-element_type=\"widget\" data-e-type=\"widget\" data-widget_type=\"imroz-section-title.default\">\n\t\t\t\t<div class=\"elementor-widget-container\">\n\t\t\t\t\t        <div class=\"section-title mb--20 mb_sm--0 text-center\">\r\n                                        <span class=\"sub-title\">Qu'est-ce qu'un<\/span>\r\n                        <h2 class=\"title rbt-section-title\"><span>Int\u00e9grateur<\/span><\/h2>                            <p>En tant qu'int\u00e9grateur, notre r\u00f4le ne se limite pas \u00e0 l'assemblage de logiciels. Nous agissons en tant que ma\u00eetres d'orchestre, harmonisant diff\u00e9rentes solutions pour cr\u00e9er un \u00e9cosyst\u00e8me coh\u00e9rent et performant.<br \/>Notre approche proactive vise \u00e0 comprendre vos besoins sp\u00e9cifiques, \u00e0 personnaliser les logiciels en cons\u00e9quence, et \u00e0 les int\u00e9grer de mani\u00e8re transparente dans votre infrastructure existante.<br \/><br \/>En collaboration avec des \u00e9diteurs et constructeurs divers, nous assurons la synergie entre les outils pour une solution compl\u00e8te et sur&nbsp;mesure.\n<br \/><br \/><i>Nous pouvons transformer votre infrastructure informatique en un syst\u00e8me coh\u00e9rent, adapt\u00e9 et pr\u00eat \u00e0 relever les d\u00e9fis de votre entreprise.<\/i><br \/><br \/>D\u00e9couvrez ci-dessous nos diff\u00e9rentes expertises en mati\u00e8re&nbsp;d'int\u00e9gration.<\/p>\r\n                            <\/div>\r\n        \t\t\t\t<\/div>\n\t\t\t\t<\/div>\n\t\t\t\t\t<\/div>\n\t\t<\/div>\n\t\t\t\t\t<\/div>\n\t\t<\/section>\n\t\t\t\t<section class=\"elementor-section elementor-top-section elementor-element elementor-element-458dafd elementor-section-boxed elementor-section-height-default elementor-section-height-default\" data-id=\"458dafd\" data-element_type=\"section\" data-e-type=\"section\">\n\t\t\t\t\t\t<div class=\"elementor-container elementor-column-gap-default\">\n\t\t\t\t\t<div class=\"elementor-column elementor-col-100 elementor-top-column elementor-element elementor-element-5333dd8\" data-id=\"5333dd8\" data-element_type=\"column\" data-e-type=\"column\">\n\t\t\t<div class=\"elementor-widget-wrap elementor-element-populated\">\n\t\t\t\t\t\t<div class=\"elementor-element elementor-element-46473c3 elementor-widget elementor-widget-image\" data-id=\"46473c3\" data-element_type=\"widget\" data-e-type=\"widget\" data-widget_type=\"image.default\">\n\t\t\t\t<div class=\"elementor-widget-container\">\n\t\t\t\t\t\t\t\t\t\t\t\t\t\t\t<img fetchpriority=\"high\" decoding=\"async\" width=\"640\" height=\"360\" src=\"https:\/\/www.dedisoft.com\/wp-content\/uploads\/2022\/04\/C-S-1-1024x576.png\" class=\"attachment-large size-large wp-image-3453\" alt=\"\" srcset=\"https:\/\/www.dedisoft.com\/wp-content\/uploads\/2022\/04\/C-S-1-1024x576.png 1024w, https:\/\/www.dedisoft.com\/wp-content\/uploads\/2022\/04\/C-S-1-300x169.png 300w, https:\/\/www.dedisoft.com\/wp-content\/uploads\/2022\/04\/C-S-1-768x432.png 768w, https:\/\/www.dedisoft.com\/wp-content\/uploads\/2022\/04\/C-S-1-1536x864.png 1536w, https:\/\/www.dedisoft.com\/wp-content\/uploads\/2022\/04\/C-S-1-2048x1152.png 2048w\" sizes=\"(max-width: 640px) 100vw, 640px\" \/>\t\t\t\t\t\t\t\t\t\t\t\t\t\t\t<\/div>\n\t\t\t\t<\/div>\n\t\t\t\t\t<\/div>\n\t\t<\/div>\n\t\t\t\t\t<\/div>\n\t\t<\/section>\n\t\t\t\t<section class=\"elementor-section elementor-top-section elementor-element elementor-element-724a48b elementor-section-boxed elementor-section-height-default elementor-section-height-default\" data-id=\"724a48b\" data-element_type=\"section\" data-e-type=\"section\">\n\t\t\t\t\t\t<div class=\"elementor-container elementor-column-gap-default\">\n\t\t\t\t\t<div class=\"elementor-column elementor-col-100 elementor-top-column elementor-element elementor-element-c20d81c\" data-id=\"c20d81c\" data-element_type=\"column\" data-e-type=\"column\">\n\t\t\t<div class=\"elementor-widget-wrap elementor-element-populated\">\n\t\t\t\t\t\t<div class=\"elementor-element elementor-element-e498e68 elementor-widget elementor-widget-spacer\" data-id=\"e498e68\" data-element_type=\"widget\" data-e-type=\"widget\" data-widget_type=\"spacer.default\">\n\t\t\t\t<div class=\"elementor-widget-container\">\n\t\t\t\t\t\t\t<div class=\"elementor-spacer\">\n\t\t\t<div class=\"elementor-spacer-inner\"><\/div>\n\t\t<\/div>\n\t\t\t\t\t\t<\/div>\n\t\t\t\t<\/div>\n\t\t\t\t\t<\/div>\n\t\t<\/div>\n\t\t\t\t\t<\/div>\n\t\t<\/section>\n\t\t\t\t<section class=\"elementor-section elementor-top-section elementor-element elementor-element-a551bd3 elementor-section-boxed elementor-section-height-default elementor-section-height-default\" data-id=\"a551bd3\" data-element_type=\"section\" data-e-type=\"section\">\n\t\t\t\t\t\t<div class=\"elementor-container elementor-column-gap-default\">\n\t\t\t\t\t<div class=\"elementor-column elementor-col-50 elementor-top-column elementor-element elementor-element-0b9b047\" data-id=\"0b9b047\" data-element_type=\"column\" data-e-type=\"column\">\n\t\t\t<div class=\"elementor-widget-wrap elementor-element-populated\">\n\t\t\t\t\t\t<div class=\"elementor-element elementor-element-74c81ea elementor-widget elementor-widget-imroz-section-title\" data-id=\"74c81ea\" data-element_type=\"widget\" data-e-type=\"widget\" data-widget_type=\"imroz-section-title.default\">\n\t\t\t\t<div class=\"elementor-widget-container\">\n\t\t\t\t\t        <div class=\"section-title mb--20 mb_sm--0 text-center\">\r\n                                    <h2 class=\"title rbt-section-title\"><span>Int\u00e9gration de logiciels<\/span><\/h2>                            <\/div>\r\n        \t\t\t\t<\/div>\n\t\t\t\t<\/div>\n\t\t\t\t<div class=\"elementor-element elementor-element-ceaeb03 elementor-widget__width-initial elementor-widget elementor-widget-text-editor\" data-id=\"ceaeb03\" data-element_type=\"widget\" data-e-type=\"widget\" data-widget_type=\"text-editor.default\">\n\t\t\t\t<div class=\"elementor-widget-container\">\n\t\t\t\t\t\t\t\t\t<p>We determine your company&#8217;s main needs so that we can offer you quality tools adapted to your users&#8217; expectations.<\/p>\n<p>After configuring the chosen solution(s) for your environment, we move on to the test phase.<\/p>\n<p>We then check that the installed elements comply with the specifications, and make any necessary adjustments.<\/p>\n<p>We are also able to carry out regular maintenance actions, notably to update software or train users.<\/p>\n<p>Our multidisciplinary team (development, graphics and technical) ensures seamless integration, followed by regular maintenance.<\/p>\n<p>The result is a finished, professional product.<\/p>\n\t\t\t\t\t\t\t\t<\/div>\n\t\t\t\t<\/div>\n\t\t\t\t\t<\/div>\n\t\t<\/div>\n\t\t\t\t<div class=\"elementor-column elementor-col-50 elementor-top-column elementor-element elementor-element-3658eb3\" data-id=\"3658eb3\" data-element_type=\"column\" data-e-type=\"column\">\n\t\t\t<div class=\"elementor-widget-wrap elementor-element-populated\">\n\t\t\t\t\t\t<div class=\"elementor-element elementor-element-d5aa64f elementor-widget elementor-widget-image\" data-id=\"d5aa64f\" data-element_type=\"widget\" data-e-type=\"widget\" data-widget_type=\"image.default\">\n\t\t\t\t<div class=\"elementor-widget-container\">\n\t\t\t\t\t\t\t\t\t\t\t\t\t\t\t<img decoding=\"async\" width=\"640\" height=\"960\" src=\"https:\/\/www.dedisoft.com\/wp-content\/uploads\/2022\/04\/AdobeStock_303346908-683x1024.jpeg\" class=\"attachment-large size-large wp-image-3519\" alt=\"\" srcset=\"https:\/\/www.dedisoft.com\/wp-content\/uploads\/2022\/04\/AdobeStock_303346908-683x1024.jpeg 683w, https:\/\/www.dedisoft.com\/wp-content\/uploads\/2022\/04\/AdobeStock_303346908-200x300.jpeg 200w, https:\/\/www.dedisoft.com\/wp-content\/uploads\/2022\/04\/AdobeStock_303346908-768x1152.jpeg 768w, https:\/\/www.dedisoft.com\/wp-content\/uploads\/2022\/04\/AdobeStock_303346908-1024x1536.jpeg 1024w, https:\/\/www.dedisoft.com\/wp-content\/uploads\/2022\/04\/AdobeStock_303346908-1365x2048.jpeg 1365w, https:\/\/www.dedisoft.com\/wp-content\/uploads\/2022\/04\/AdobeStock_303346908-scaled.jpeg 1707w\" sizes=\"(max-width: 640px) 100vw, 640px\" \/>\t\t\t\t\t\t\t\t\t\t\t\t\t\t\t<\/div>\n\t\t\t\t<\/div>\n\t\t\t\t\t<\/div>\n\t\t<\/div>\n\t\t\t\t\t<\/div>\n\t\t<\/section>\n\t\t\t\t<section class=\"elementor-section elementor-top-section elementor-element elementor-element-c464d3a elementor-section-boxed elementor-section-height-default elementor-section-height-default\" data-id=\"c464d3a\" data-element_type=\"section\" data-e-type=\"section\">\n\t\t\t\t\t\t<div class=\"elementor-container elementor-column-gap-default\">\n\t\t\t\t\t<div class=\"elementor-column elementor-col-100 elementor-top-column elementor-element elementor-element-a09e97a\" data-id=\"a09e97a\" data-element_type=\"column\" data-e-type=\"column\">\n\t\t\t<div class=\"elementor-widget-wrap elementor-element-populated\">\n\t\t\t\t\t\t<div class=\"elementor-element elementor-element-d9bb327 elementor-widget elementor-widget-spacer\" data-id=\"d9bb327\" data-element_type=\"widget\" data-e-type=\"widget\" data-widget_type=\"spacer.default\">\n\t\t\t\t<div class=\"elementor-widget-container\">\n\t\t\t\t\t\t\t<div class=\"elementor-spacer\">\n\t\t\t<div class=\"elementor-spacer-inner\"><\/div>\n\t\t<\/div>\n\t\t\t\t\t\t<\/div>\n\t\t\t\t<\/div>\n\t\t\t\t\t<\/div>\n\t\t<\/div>\n\t\t\t\t\t<\/div>\n\t\t<\/section>\n\t\t\t\t<section class=\"elementor-section elementor-top-section elementor-element elementor-element-219a3cd elementor-section-boxed elementor-section-height-default elementor-section-height-default\" data-id=\"219a3cd\" data-element_type=\"section\" data-e-type=\"section\">\n\t\t\t\t\t\t<div class=\"elementor-container elementor-column-gap-default\">\n\t\t\t\t\t<div class=\"elementor-column elementor-col-50 elementor-top-column elementor-element elementor-element-a2e11f8\" data-id=\"a2e11f8\" data-element_type=\"column\" data-e-type=\"column\">\n\t\t\t<div class=\"elementor-widget-wrap elementor-element-populated\">\n\t\t\t\t\t\t<div class=\"elementor-element elementor-element-62e451f elementor-widget elementor-widget-image\" data-id=\"62e451f\" data-element_type=\"widget\" data-e-type=\"widget\" data-widget_type=\"image.default\">\n\t\t\t\t<div class=\"elementor-widget-container\">\n\t\t\t\t\t\t\t\t\t\t\t\t\t\t\t<img decoding=\"async\" width=\"640\" height=\"534\" src=\"https:\/\/www.dedisoft.com\/wp-content\/uploads\/2022\/04\/FF-6-1024x854.png\" class=\"attachment-large size-large wp-image-3472\" alt=\"\" srcset=\"https:\/\/www.dedisoft.com\/wp-content\/uploads\/2022\/04\/FF-6-1024x854.png 1024w, https:\/\/www.dedisoft.com\/wp-content\/uploads\/2022\/04\/FF-6-300x250.png 300w, https:\/\/www.dedisoft.com\/wp-content\/uploads\/2022\/04\/FF-6-768x640.png 768w, https:\/\/www.dedisoft.com\/wp-content\/uploads\/2022\/04\/FF-6-1536x1281.png 1536w, https:\/\/www.dedisoft.com\/wp-content\/uploads\/2022\/04\/FF-6.png 1632w\" sizes=\"(max-width: 640px) 100vw, 640px\" \/>\t\t\t\t\t\t\t\t\t\t\t\t\t\t\t<\/div>\n\t\t\t\t<\/div>\n\t\t\t\t\t<\/div>\n\t\t<\/div>\n\t\t\t\t<div class=\"elementor-column elementor-col-50 elementor-top-column elementor-element elementor-element-b32c146\" data-id=\"b32c146\" data-element_type=\"column\" data-e-type=\"column\">\n\t\t\t<div class=\"elementor-widget-wrap elementor-element-populated\">\n\t\t\t\t\t\t<div class=\"elementor-element elementor-element-1e4f9a9 elementor-widget elementor-widget-imroz-section-title\" data-id=\"1e4f9a9\" data-element_type=\"widget\" data-e-type=\"widget\" data-widget_type=\"imroz-section-title.default\">\n\t\t\t\t<div class=\"elementor-widget-container\">\n\t\t\t\t\t        <div class=\"section-title mb--20 mb_sm--0 text-center\">\r\n                                    <h2 class=\"title rbt-section-title\"><span>Int\u00e9gration web<\/span><\/h2>                            <\/div>\r\n        \t\t\t\t<\/div>\n\t\t\t\t<\/div>\n\t\t\t\t<div class=\"elementor-element elementor-element-b0fa3e2 elementor-widget elementor-widget-text-editor\" data-id=\"b0fa3e2\" data-element_type=\"widget\" data-e-type=\"widget\" data-widget_type=\"text-editor.default\">\n\t\t\t\t<div class=\"elementor-widget-container\">\n\t\t\t\t\t\t\t\t\t<p>Our expertise in web integration goes beyond the visual aspect of pages.<\/p>\n<p>We set up genuine communication between web solutions, ensuring centralized authentication for simplified user management, for example.<\/p>\n<p>We support the integration of apps, text, images, hyperlinks, tables, and external sources to create a rich, consistent user experience.<\/p>\n<p>Security is a priority, and our solutions include advanced mechanisms to protect your data and guarantee a reliable web experience.<\/p>\n\t\t\t\t\t\t\t\t<\/div>\n\t\t\t\t<\/div>\n\t\t\t\t\t<\/div>\n\t\t<\/div>\n\t\t\t\t\t<\/div>\n\t\t<\/section>\n\t\t\t\t<section class=\"elementor-section elementor-top-section elementor-element elementor-element-8817748 elementor-section-boxed elementor-section-height-default elementor-section-height-default\" data-id=\"8817748\" data-element_type=\"section\" data-e-type=\"section\">\n\t\t\t\t\t\t<div class=\"elementor-container elementor-column-gap-default\">\n\t\t\t\t\t<div class=\"elementor-column elementor-col-100 elementor-top-column elementor-element elementor-element-aaefc7f\" data-id=\"aaefc7f\" data-element_type=\"column\" data-e-type=\"column\">\n\t\t\t<div class=\"elementor-widget-wrap elementor-element-populated\">\n\t\t\t\t\t\t<div class=\"elementor-element elementor-element-2e81e82 elementor-widget elementor-widget-spacer\" data-id=\"2e81e82\" data-element_type=\"widget\" data-e-type=\"widget\" data-widget_type=\"spacer.default\">\n\t\t\t\t<div class=\"elementor-widget-container\">\n\t\t\t\t\t\t\t<div class=\"elementor-spacer\">\n\t\t\t<div class=\"elementor-spacer-inner\"><\/div>\n\t\t<\/div>\n\t\t\t\t\t\t<\/div>\n\t\t\t\t<\/div>\n\t\t\t\t\t<\/div>\n\t\t<\/div>\n\t\t\t\t\t<\/div>\n\t\t<\/section>\n\t\t\t\t<section class=\"elementor-section elementor-top-section elementor-element elementor-element-adcc9ca elementor-section-boxed elementor-section-height-default elementor-section-height-default\" data-id=\"adcc9ca\" data-element_type=\"section\" data-e-type=\"section\">\n\t\t\t\t\t\t<div class=\"elementor-container elementor-column-gap-default\">\n\t\t\t\t\t<div class=\"elementor-column elementor-col-50 elementor-top-column elementor-element elementor-element-11115ec\" data-id=\"11115ec\" data-element_type=\"column\" data-e-type=\"column\">\n\t\t\t<div class=\"elementor-widget-wrap elementor-element-populated\">\n\t\t\t\t\t\t<div class=\"elementor-element elementor-element-3a56d68 elementor-widget elementor-widget-imroz-section-title\" data-id=\"3a56d68\" data-element_type=\"widget\" data-e-type=\"widget\" data-widget_type=\"imroz-section-title.default\">\n\t\t\t\t<div class=\"elementor-widget-container\">\n\t\t\t\t\t        <div class=\"section-title mb--20 mb_sm--0 text-center\">\r\n                                    <h2 class=\"title rbt-section-title\"><span>Mat\u00e9riel<\/span><\/h2>                            <\/div>\r\n        \t\t\t\t<\/div>\n\t\t\t\t<\/div>\n\t\t\t\t<div class=\"elementor-element elementor-element-f62fc7a elementor-widget elementor-widget-text-editor\" data-id=\"f62fc7a\" data-element_type=\"widget\" data-e-type=\"widget\" data-widget_type=\"text-editor.default\">\n\t\t\t\t<div class=\"elementor-widget-container\">\n\t\t\t\t\t\t\t\t\t<p>Our hardware integration service goes beyond simply recommending hardware for your work environment.<\/p>\n<p>We tailor every hardware integration to your company&#8217;s specific needs. This implies meticulous adaptation and careful preparation of hardware choices to ensure perfect harmony with your infrastructure.<\/p>\n<p>Whether for computers, servers, peripherals or other equipment, our customized approach ensures seamless integration and optimum performance.<\/p>\n\t\t\t\t\t\t\t\t<\/div>\n\t\t\t\t<\/div>\n\t\t\t\t\t<\/div>\n\t\t<\/div>\n\t\t\t\t<div class=\"elementor-column elementor-col-50 elementor-top-column elementor-element elementor-element-da4bf6c\" data-id=\"da4bf6c\" data-element_type=\"column\" data-e-type=\"column\">\n\t\t\t<div class=\"elementor-widget-wrap elementor-element-populated\">\n\t\t\t\t\t\t<div class=\"elementor-element elementor-element-4452b01 elementor-widget elementor-widget-spacer\" data-id=\"4452b01\" data-element_type=\"widget\" data-e-type=\"widget\" data-widget_type=\"spacer.default\">\n\t\t\t\t<div class=\"elementor-widget-container\">\n\t\t\t\t\t\t\t<div class=\"elementor-spacer\">\n\t\t\t<div class=\"elementor-spacer-inner\"><\/div>\n\t\t<\/div>\n\t\t\t\t\t\t<\/div>\n\t\t\t\t<\/div>\n\t\t\t\t<div class=\"elementor-element elementor-element-6a615f7 elementor-widget elementor-widget-image\" data-id=\"6a615f7\" data-element_type=\"widget\" data-e-type=\"widget\" data-widget_type=\"image.default\">\n\t\t\t\t<div class=\"elementor-widget-container\">\n\t\t\t\t\t\t\t\t\t\t\t\t\t\t\t<img loading=\"lazy\" decoding=\"async\" width=\"640\" height=\"360\" src=\"https:\/\/www.dedisoft.com\/wp-content\/uploads\/2022\/04\/Sauv-5-1024x576.png\" class=\"attachment-large size-large wp-image-3489\" alt=\"\" srcset=\"https:\/\/www.dedisoft.com\/wp-content\/uploads\/2022\/04\/Sauv-5-1024x576.png 1024w, https:\/\/www.dedisoft.com\/wp-content\/uploads\/2022\/04\/Sauv-5-300x169.png 300w, https:\/\/www.dedisoft.com\/wp-content\/uploads\/2022\/04\/Sauv-5-768x432.png 768w, https:\/\/www.dedisoft.com\/wp-content\/uploads\/2022\/04\/Sauv-5-1536x864.png 1536w, https:\/\/www.dedisoft.com\/wp-content\/uploads\/2022\/04\/Sauv-5-2048x1152.png 2048w\" sizes=\"(max-width: 640px) 100vw, 640px\" \/>\t\t\t\t\t\t\t\t\t\t\t\t\t\t\t<\/div>\n\t\t\t\t<\/div>\n\t\t\t\t\t<\/div>\n\t\t<\/div>\n\t\t\t\t\t<\/div>\n\t\t<\/section>\n\t\t\t\t<section class=\"elementor-section elementor-top-section elementor-element elementor-element-fac3366 elementor-section-boxed elementor-section-height-default elementor-section-height-default\" data-id=\"fac3366\" data-element_type=\"section\" data-e-type=\"section\">\n\t\t\t\t\t\t<div class=\"elementor-container elementor-column-gap-default\">\n\t\t\t\t\t<div class=\"elementor-column elementor-col-100 elementor-top-column elementor-element elementor-element-93274b3\" data-id=\"93274b3\" data-element_type=\"column\" data-e-type=\"column\">\n\t\t\t<div class=\"elementor-widget-wrap elementor-element-populated\">\n\t\t\t\t\t\t<div class=\"elementor-element elementor-element-f98ee74 elementor-widget elementor-widget-spacer\" data-id=\"f98ee74\" data-element_type=\"widget\" data-e-type=\"widget\" data-widget_type=\"spacer.default\">\n\t\t\t\t<div class=\"elementor-widget-container\">\n\t\t\t\t\t\t\t<div class=\"elementor-spacer\">\n\t\t\t<div class=\"elementor-spacer-inner\"><\/div>\n\t\t<\/div>\n\t\t\t\t\t\t<\/div>\n\t\t\t\t<\/div>\n\t\t\t\t\t<\/div>\n\t\t<\/div>\n\t\t\t\t\t<\/div>\n\t\t<\/section>\n\t\t\t\t<\/div>\n\t\t","protected":false},"excerpt":{"rendered":"<p>Bienvenue dans l&#8217;univers de l&#8217;int\u00e9gration, o\u00f9 l&#8217;expertise technologique rencontre la personnalisation pour r\u00e9pondre \u00e0 vos besoins sp\u00e9cifiques. Qu&#8217;est-ce qu&#8217;un Int\u00e9grateur En tant qu&#8217;int\u00e9grateur, notre r\u00f4le ne se limite pas \u00e0 l&#8217;assemblage de logiciels. Nous agissons en tant que ma\u00eetres d&#8217;orchestre, harmonisant diff\u00e9rentes solutions pour cr\u00e9er un \u00e9cosyst\u00e8me coh\u00e9rent et performant.Notre approche proactive vise \u00e0 comprendre [&hellip;]<\/p>\n","protected":false},"author":2,"featured_media":3469,"parent":0,"menu_order":0,"comment_status":"closed","ping_status":"closed","template":"","meta":{"_acf_changed":false,"footnotes":""},"class_list":["post-5928","page","type-page","status-publish","has-post-thumbnail","hentry"],"acf":[],"aioseo_notices":[],"_links":{"self":[{"href":"https:\/\/www.dedisoft.com\/en\/wp-json\/wp\/v2\/pages\/5928","targetHints":{"allow":["GET"]}}],"collection":[{"href":"https:\/\/www.dedisoft.com\/en\/wp-json\/wp\/v2\/pages"}],"about":[{"href":"https:\/\/www.dedisoft.com\/en\/wp-json\/wp\/v2\/types\/page"}],"author":[{"embeddable":true,"href":"https:\/\/www.dedisoft.com\/en\/wp-json\/wp\/v2\/users\/2"}],"replies":[{"embeddable":true,"href":"https:\/\/www.dedisoft.com\/en\/wp-json\/wp\/v2\/comments?post=5928"}],"version-history":[{"count":0,"href":"https:\/\/www.dedisoft.com\/en\/wp-json\/wp\/v2\/pages\/5928\/revisions"}],"wp:featuredmedia":[{"embeddable":true,"href":"https:\/\/www.dedisoft.com\/en\/wp-json\/wp\/v2\/media\/3469"}],"wp:attachment":[{"href":"https:\/\/www.dedisoft.com\/en\/wp-json\/wp\/v2\/media?parent=5928"}],"curies":[{"name":"wp","href":"https:\/\/api.w.org\/{rel}","templated":true}]}}