{"id":5939,"date":"2021-11-03T03:53:47","date_gmt":"2021-11-03T02:53:47","guid":{"rendered":"https:\/\/www.dedisoft.com\/rates\/"},"modified":"2024-02-26T13:35:41","modified_gmt":"2024-02-26T12:35:41","slug":"rates","status":"publish","type":"page","link":"https:\/\/www.dedisoft.com\/en\/rates\/","title":{"rendered":"Pricing"},"content":{"rendered":"\t\t<div data-elementor-type=\"wp-page\" data-elementor-id=\"5939\" class=\"elementor elementor-5939 elementor-1310\" data-elementor-post-type=\"page\">\n\t\t\t\t\t\t<section class=\"elementor-section elementor-top-section elementor-element elementor-element-f000e4c elementor-section-full_width elementor-section-height-default elementor-section-height-default\" data-id=\"f000e4c\" data-element_type=\"section\" data-e-type=\"section\">\n\t\t\t\t\t\t<div class=\"elementor-container elementor-column-gap-no\">\n\t\t\t\t\t<div class=\"elementor-column elementor-col-100 elementor-top-column elementor-element elementor-element-7d11ce7\" data-id=\"7d11ce7\" data-element_type=\"column\" data-e-type=\"column\">\n\t\t\t<div class=\"elementor-widget-wrap elementor-element-populated\">\n\t\t\t\t\t\t<div class=\"elementor-element elementor-element-4fd6a38 elementor-widget elementor-widget-imroz-pricing\" data-id=\"4fd6a38\" data-element_type=\"widget\" data-e-type=\"widget\" data-widget_type=\"imroz-pricing.default\">\n\t\t\t\t<div class=\"elementor-widget-container\">\n\t\t\t\t\t        <!-- Start Pricing Plan Area  -->\r\n        <div class=\"rn-pricing-plan-area rn-section-gap bg_color--5 \">\r\n            <div class=\"container\">\r\n                                                    <div class=\"row mt--30\">\r\n                                                    <div  data-unique-id=\"rbt-pricing-table-feafc0a\" class=\"mt--30 rbt-pricing-table-feafc0a col-lg-4 col-md-6 col-sm-12 col-12 elementor-repeater-item-feafc0a\">\r\n                                <div class=\"rn-pricing \">\r\n                                    <div class=\"pricing-table-inner\">\r\n\r\n                                        <div class=\"pricing-header\">\r\n                                                                                            <h5 class=\"title\">Taux Horaire PC<\/h5>\r\n                                                                                                                                        <div class=\"pricing\">\r\n                                                                                                            <span class=\"price\">50\u20ac HT<\/span>\r\n                                                                                                                                                                <span class=\"subtitle\">Tarifs d\u00e9gressifs<\/span>\r\n                                                                                                    <\/div>\r\n                                                                                    <\/div>\r\n                                                                                                                            <div class=\"pricing-body\">\r\n                                                <ul class=\"list-style--1\">\r\n                                                    <li><i class=\"fas fa-check\"><\/i>Avec ou sans rendez-vous<\/li><li><i class=\"fas fa-check\"><\/i>Assistance technique<\/li><li><i class=\"fas fa-check\"><\/i>National et international<\/li><li><i class=\"fas fa-check\"><\/i>T\u00e9l\u00e9surveillance (en option)<\/li>                                                <\/ul>\r\n                                            <\/div>\r\n                                                                                                                            <div class=\"pricing-footer\">\r\n                                                <a class=\"rn-button-style--2 btn_border btn-size-md\" href=\"https:\/\/www.dedisoft.com\/demande-de-devis-taux-horaire-pc\/\" target=\"_self\" rel=\"nofollow\"><span class=\"button-text\">Obtenir un Devis<\/span><\/a>                                            <\/div>\r\n                                                                            <\/div>\r\n                                <\/div>\r\n                            <\/div>\r\n                                                    <div  data-unique-id=\"rbt-pricing-table-3bfaa20\" class=\"mt--30 rbt-pricing-table-3bfaa20 col-lg-4 col-md-6 col-sm-12 col-12 elementor-repeater-item-3bfaa20\">\r\n                                <div class=\"rn-pricing active\">\r\n                                    <div class=\"pricing-table-inner\">\r\n\r\n                                        <div class=\"pricing-header\">\r\n                                                                                            <h5 class=\"title\">Taux Horaire Serveur<\/h5>\r\n                                                                                                                                        <div class=\"pricing\">\r\n                                                                                                            <span class=\"price\">90\u20ac HT<\/span>\r\n                                                                                                                                                                <span class=\"subtitle\">Tarifs d\u00e9gressifs<\/span>\r\n                                                                                                    <\/div>\r\n                                                                                    <\/div>\r\n                                                                                                                            <div class=\"pricing-body\">\r\n                                                <ul class=\"list-style--1\">\r\n                                                    <li><i class=\"fas fa-check\"><\/i>Techniciens qualifi\u00e9s<\/li><li><i class=\"fas fa-check\"><\/i>Windows ou Linux<\/li><li><i class=\"fas fa-check\"><\/i>Connexion s\u00e9curis\u00e9e<\/li><li><i class=\"fas fa-check\"><\/i>National et international<\/li><li><i class=\"fas fa-check\"><\/i>S\u00e9curisation \/ D\u00e9sinfection<\/li><li><i class=\"fas fa-check\"><\/i>T\u00e9l\u00e9surveillance (en option)<\/li>                                                <\/ul>\r\n                                            <\/div>\r\n                                                                                                                            <div class=\"pricing-footer\">\r\n                                                <a class=\"rn-button-style--2 btn_border btn-size-md\" href=\"https:\/\/www.dedisoft.com\/demande-de-devis-taux-horaire-serveur\/\" target=\"_self\" rel=\"nofollow\"><span class=\"button-text\">Obtenir un Devis<\/span><\/a>                                            <\/div>\r\n                                                                            <\/div>\r\n                                <\/div>\r\n                            <\/div>\r\n                                                    <div  data-unique-id=\"rbt-pricing-table-0e51859\" class=\"mt--30 rbt-pricing-table-0e51859 col-lg-4 col-md-6 col-sm-12 col-12 elementor-repeater-item-0e51859\">\r\n                                <div class=\"rn-pricing \">\r\n                                    <div class=\"pricing-table-inner\">\r\n\r\n                                        <div class=\"pricing-header\">\r\n                                                                                            <h5 class=\"title\">Contrat Infog\u00e9rance<\/h5>\r\n                                                                                                                                        <div class=\"pricing\">\r\n                                                                                                            <span class=\"price\">90\u20ac&nbsp;HT*<\/span>\r\n                                                                                                                                                                <span class=\"subtitle\">(* \u00e0 partir de)<\/span>\r\n                                                                                                    <\/div>\r\n                                                                                    <\/div>\r\n                                                                                                                            <div class=\"pricing-body\">\r\n                                                <ul class=\"list-style--1\">\r\n                                                    <li><i class=\"fas fa-check\"><\/i>Supervision proactive<\/li><li><i class=\"fas fa-check\"><\/i>Maintenance corrective<\/li><li><i class=\"fas fa-check\"><\/i>Maintenance de s\u00e9curit\u00e9<\/li><li><i class=\"fas fa-check\"><\/i>Veille s\u00e9curitaire<\/li><li><i class=\"fas fa-check\"><\/i>Assistance incluse<\/li><li><i class=\"fas fa-check\"><\/i>Et bien d'autres services !<\/li>                                                <\/ul>\r\n                                            <\/div>\r\n                                                                                                                            <div class=\"pricing-footer\">\r\n                                                <a class=\"rn-button-style--2 btn_border btn-size-md\" href=\"https:\/\/www.dedisoft.com\/demande-de-devis-contrat-infogerance\/\" target=\"_self\" rel=\"nofollow\"><span class=\"button-text\">Obtenir un Devis<\/span><\/a>                                            <\/div>\r\n                                                                            <\/div>\r\n                                <\/div>\r\n                            <\/div>\r\n                         <!-- End Foreach  -->\r\n                    <\/div> <!-- End Row  -->\r\n                            <\/div>\r\n        <\/div>\r\n        <!-- End Pricing Plan Area  -->\r\n        \t\t\t\t<\/div>\n\t\t\t\t<\/div>\n\t\t\t\t\t<\/div>\n\t\t<\/div>\n\t\t\t\t\t<\/div>\n\t\t<\/section>\n\t\t\t\t<\/div>\n\t\t","protected":false},"excerpt":{"rendered":"<p>Taux Horaire PC 50\u20ac HT Tarifs d\u00e9gressifs Avec ou sans rendez-vous Assistance technique National et international T\u00e9l\u00e9surveillance (en option) Obtenir un Devis Taux Horaire Serveur 90\u20ac HT Tarifs d\u00e9gressifs Techniciens qualifi\u00e9s Windows ou Linux Connexion s\u00e9curis\u00e9e National et international S\u00e9curisation \/ D\u00e9sinfection T\u00e9l\u00e9surveillance (en option) Obtenir un Devis Contrat Infog\u00e9rance 90\u20ac&nbsp;HT* (* \u00e0 partir de) [&hellip;]<\/p>\n","protected":false},"author":2,"featured_media":3361,"parent":0,"menu_order":0,"comment_status":"closed","ping_status":"closed","template":"elementor_header_footer","meta":{"_acf_changed":false,"footnotes":""},"class_list":["post-5939","page","type-page","status-publish","has-post-thumbnail","hentry"],"acf":[],"aioseo_notices":[],"_links":{"self":[{"href":"https:\/\/www.dedisoft.com\/en\/wp-json\/wp\/v2\/pages\/5939","targetHints":{"allow":["GET"]}}],"collection":[{"href":"https:\/\/www.dedisoft.com\/en\/wp-json\/wp\/v2\/pages"}],"about":[{"href":"https:\/\/www.dedisoft.com\/en\/wp-json\/wp\/v2\/types\/page"}],"author":[{"embeddable":true,"href":"https:\/\/www.dedisoft.com\/en\/wp-json\/wp\/v2\/users\/2"}],"replies":[{"embeddable":true,"href":"https:\/\/www.dedisoft.com\/en\/wp-json\/wp\/v2\/comments?post=5939"}],"version-history":[{"count":0,"href":"https:\/\/www.dedisoft.com\/en\/wp-json\/wp\/v2\/pages\/5939\/revisions"}],"wp:featuredmedia":[{"embeddable":true,"href":"https:\/\/www.dedisoft.com\/en\/wp-json\/wp\/v2\/media\/3361"}],"wp:attachment":[{"href":"https:\/\/www.dedisoft.com\/en\/wp-json\/wp\/v2\/media?parent=5939"}],"curies":[{"name":"wp","href":"https:\/\/api.w.org\/{rel}","templated":true}]}}