{"id":5975,"date":"2021-11-05T12:48:11","date_gmt":"2021-11-05T11:48:11","guid":{"rendered":"https:\/\/www.dedisoft.com\/gdpr\/"},"modified":"2024-11-22T12:03:55","modified_gmt":"2024-11-22T11:03:55","slug":"gdpr","status":"publish","type":"page","link":"https:\/\/www.dedisoft.com\/en\/gdpr\/","title":{"rendered":"GDPR"},"content":{"rendered":"\t\t<div data-elementor-type=\"wp-page\" data-elementor-id=\"5975\" class=\"elementor elementor-5975 elementor-1446\" data-elementor-post-type=\"page\">\n\t\t\t\t\t\t<section class=\"elementor-section elementor-top-section elementor-element elementor-element-d638b1e elementor-section-boxed elementor-section-height-default elementor-section-height-default\" data-id=\"d638b1e\" data-element_type=\"section\" data-e-type=\"section\">\n\t\t\t\t\t\t<div class=\"elementor-container elementor-column-gap-default\">\n\t\t\t\t\t<div class=\"elementor-column elementor-col-100 elementor-top-column elementor-element elementor-element-d0cbcbd\" data-id=\"d0cbcbd\" data-element_type=\"column\" data-e-type=\"column\">\n\t\t\t<div class=\"elementor-widget-wrap elementor-element-populated\">\n\t\t\t\t\t\t<div class=\"elementor-element elementor-element-53d0f95 elementor-widget elementor-widget-imroz-main-services\" data-id=\"53d0f95\" data-element_type=\"widget\" data-e-type=\"widget\" data-widget_type=\"imroz-main-services.default\">\n\t\t\t\t<div class=\"elementor-widget-container\">\n\t\t\t\t\t        <!-- Start Service Area  -->\r\n        <div class=\"rn-service-area rn-section-gap\">\r\n            <div class=\"container\">\r\n                                    <div class=\"row\">\r\n                        <div class=\"col-lg-12 mb--20 mb_sm--0\">\r\n                            <div class=\"section-title section-title--2 text-center\">\r\n                                                            <span class=\"sub-title\">R\u00e8glement G\u00e9n\u00e9ral sur la Protection des Donn\u00e9es<\/span>\r\n                        <h2 class=\"title rbt-section-title\"><span>Le RGPD et notre \u00e9quipe<\/span><\/h2>                            <p>Nous nous engageons aupr\u00e8s de nos clients et partenaires en faveur de la protection des donn\u00e9es personnelles, conform\u00e9ment au R\u00e8glement Europ\u00e9en n\u00b02016\/679.<\/p>\r\n                    \r\n                                                            <\/div>\r\n                        <\/div>\r\n                    <\/div>\r\n                                                    <div class=\"row service-main-wrapper \">\r\n                                                    <div class=\"service-item mt--30 col-lg-6 col-md-6 col-sm-6 col-12 elementor-repeater-item-8255a03\">\r\n                                                                <div class=\"single-service\">\r\n                                                                            <div class=\"service service__style--2 text-center\">\r\n                                                                                                                                                <div class=\"icon\">\r\n                                                        <i aria-hidden=\"true\" class=\"fas fa-database\"><\/i>                                                    <\/div>\r\n                                                                                                                                                                                        <div class=\"content\">\r\n                                                                                                                                                                <p>Nous mettons en place en interne un haut niveau de protection des donn\u00e9es qui nous sont confi\u00e9es, ainsi qu'un suivi de toutes actions men\u00e9es sur les donn\u00e9es.<\/p>\r\n                                                                                                    <\/div>\r\n                                                                                    <\/div>\r\n                                                                    <\/div>\r\n                            <\/div>\r\n                                                    <div class=\"service-item mt--30 col-lg-6 col-md-6 col-sm-6 col-12 elementor-repeater-item-a1b216e\">\r\n                                                                <div class=\"single-service\">\r\n                                                                            <div class=\"service service__style--2 text-center\">\r\n                                                                                                                                                <div class=\"icon\">\r\n                                                        <i aria-hidden=\"true\" class=\"fas fa-unlock-alt\"><\/i>                                                    <\/div>\r\n                                                                                                                                                                                        <div class=\"content\">\r\n                                                                                                                                                                <p>Nous aidons votre entreprise elle-m\u00eame dans l'application du RGPD en vous fournissant tous les moyens n\u00e9cessaires pour prot\u00e9ger et s\u00e9curiser votre syst\u00e8me d'information.<\/p>\r\n                                                                                                    <\/div>\r\n                                                                                    <\/div>\r\n                                                                    <\/div>\r\n                            <\/div>\r\n                                                    <div class=\"service-item mt--30 col-lg-6 col-md-6 col-sm-6 col-12 elementor-repeater-item-b08b8b2\">\r\n                                                                <div class=\"single-service\">\r\n                                                                            <a href=\"#\"  >\r\n                                                                            <div class=\"service service__style--2 text-center\">\r\n                                                                                                                                                <div class=\"icon\">\r\n                                                        <i aria-hidden=\"true\" class=\"fas fa-star\"><\/i>                                                    <\/div>\r\n                                                                                                                                                                                        <div class=\"content\">\r\n                                                                                                                                                                <p>Nous contribuons \u00e0 la valorisation de votre image d'entreprise s\u00e9rieuse et responsable.<\/p>\r\n                                                                                                    <\/div>\r\n                                                                                    <\/div>\r\n                                     <\/a>                                 <\/div>\r\n                            <\/div>\r\n                                                    <div class=\"service-item mt--30 col-lg-6 col-md-6 col-sm-6 col-12 elementor-repeater-item-7636b2c\">\r\n                                                                <div class=\"single-service\">\r\n                                                                            <a href=\"#\"  >\r\n                                                                            <div class=\"service service__style--2 text-center\">\r\n                                                                                                                                                <div class=\"icon\">\r\n                                                        <i aria-hidden=\"true\" class=\"fas fa-key\"><\/i>                                                    <\/div>\r\n                                                                                                                                                                                        <div class=\"content\">\r\n                                                                                                                                                                <p>La gestion rigoureuse de vos donn\u00e9es vous fera gagner en efficacit\u00e9 et en productivit\u00e9.<\/p>\r\n                                                                                                    <\/div>\r\n                                                                                    <\/div>\r\n                                     <\/a>                                 <\/div>\r\n                            <\/div>\r\n                                            <\/div>\r\n                            <\/div>\r\n        <\/div>\r\n        <!-- Start Service Area  -->\r\n        \t\t\t\t<\/div>\n\t\t\t\t<\/div>\n\t\t\t\t\t<\/div>\n\t\t<\/div>\n\t\t\t\t\t<\/div>\n\t\t<\/section>\n\t\t\t\t<section class=\"elementor-section elementor-top-section elementor-element elementor-element-96e79f8 elementor-section-boxed elementor-section-height-default elementor-section-height-default\" data-id=\"96e79f8\" data-element_type=\"section\" data-e-type=\"section\">\n\t\t\t\t\t\t<div class=\"elementor-container elementor-column-gap-default\">\n\t\t\t\t\t<div class=\"elementor-column elementor-col-100 elementor-top-column elementor-element elementor-element-5d65f4b\" data-id=\"5d65f4b\" data-element_type=\"column\" data-e-type=\"column\">\n\t\t\t<div class=\"elementor-widget-wrap elementor-element-populated\">\n\t\t\t\t\t\t<div class=\"elementor-element elementor-element-fca8e33 elementor-widget elementor-widget-image\" data-id=\"fca8e33\" data-element_type=\"widget\" data-e-type=\"widget\" data-widget_type=\"image.default\">\n\t\t\t\t<div class=\"elementor-widget-container\">\n\t\t\t\t\t\t\t\t\t\t\t\t\t\t\t<img fetchpriority=\"high\" decoding=\"async\" width=\"640\" height=\"360\" src=\"https:\/\/www.dedisoft.com\/wp-content\/uploads\/2022\/04\/RGPD-1024x576.png\" class=\"attachment-large size-large wp-image-3484\" alt=\"\" srcset=\"https:\/\/www.dedisoft.com\/wp-content\/uploads\/2022\/04\/RGPD-1024x576.png 1024w, https:\/\/www.dedisoft.com\/wp-content\/uploads\/2022\/04\/RGPD-300x169.png 300w, https:\/\/www.dedisoft.com\/wp-content\/uploads\/2022\/04\/RGPD-768x432.png 768w, https:\/\/www.dedisoft.com\/wp-content\/uploads\/2022\/04\/RGPD.png 1248w\" sizes=\"(max-width: 640px) 100vw, 640px\" \/>\t\t\t\t\t\t\t\t\t\t\t\t\t\t\t<\/div>\n\t\t\t\t<\/div>\n\t\t\t\t\t<\/div>\n\t\t<\/div>\n\t\t\t\t\t<\/div>\n\t\t<\/section>\n\t\t\t\t<section class=\"elementor-section elementor-top-section elementor-element elementor-element-20e8c7a elementor-section-boxed elementor-section-height-default elementor-section-height-default\" data-id=\"20e8c7a\" data-element_type=\"section\" data-e-type=\"section\">\n\t\t\t\t\t\t<div class=\"elementor-container elementor-column-gap-default\">\n\t\t\t\t\t<div class=\"elementor-column elementor-col-100 elementor-top-column elementor-element elementor-element-ecd4bfd\" data-id=\"ecd4bfd\" data-element_type=\"column\" data-e-type=\"column\">\n\t\t\t<div class=\"elementor-widget-wrap elementor-element-populated\">\n\t\t\t\t\t\t<div class=\"elementor-element elementor-element-7983b08 elementor-widget elementor-widget-spacer\" data-id=\"7983b08\" data-element_type=\"widget\" data-e-type=\"widget\" data-widget_type=\"spacer.default\">\n\t\t\t\t<div class=\"elementor-widget-container\">\n\t\t\t\t\t\t\t<div class=\"elementor-spacer\">\n\t\t\t<div class=\"elementor-spacer-inner\"><\/div>\n\t\t<\/div>\n\t\t\t\t\t\t<\/div>\n\t\t\t\t<\/div>\n\t\t\t\t\t<\/div>\n\t\t<\/div>\n\t\t\t\t\t<\/div>\n\t\t<\/section>\n\t\t\t\t<section class=\"elementor-section elementor-top-section elementor-element elementor-element-5c9ace1 elementor-section-boxed elementor-section-height-default elementor-section-height-default\" data-id=\"5c9ace1\" data-element_type=\"section\" data-e-type=\"section\">\n\t\t\t\t\t\t<div class=\"elementor-container elementor-column-gap-default\">\n\t\t\t\t\t<div class=\"elementor-column elementor-col-100 elementor-top-column elementor-element elementor-element-4a56d26\" data-id=\"4a56d26\" data-element_type=\"column\" data-e-type=\"column\">\n\t\t\t<div class=\"elementor-widget-wrap elementor-element-populated\">\n\t\t\t\t\t\t<div class=\"elementor-element elementor-element-eeb7fad elementor-widget elementor-widget-text-editor\" data-id=\"eeb7fad\" data-element_type=\"widget\" data-e-type=\"widget\" data-widget_type=\"text-editor.default\">\n\t\t\t\t<div class=\"elementor-widget-container\">\n\t\t\t\t\t\t\t\t\t&#8220;D\u00c9DICACE SOFTWARE&#8221; is committed to its customers and partners in favor of the protection of personal data, in accordance with European Regulation No. 2016\/679, known as the General Data Protection Regulation (GDPR).  <p class=\"Standard\">No data is passed on to third-party companies without the prior consent of the customer and the person(s) responsible for the data. These may include (but are not limited to) first and last name, e-mail address, company name and postal address. These transmissions are necessary, for example, to enable the registration of licenses on behalf of the end customer, or to purchase or rent a product or service on behalf of the end customer.<\/p>\n<p class=\"Standard\">For any project requiring access to or management of personal data, for example when handling databases, a contract is drawn up between &#8220;D\u00c9DICACE SOFTWARE&#8221; and the customer. It details the actions carried out, the data concerned and the data controllers, as well as the duration of the intervention.<\/p>\n<p class=\"Standard\">&#8220;D\u00c9DICACE SOFTWARE&#8221; has implemented a high level of internal protection for the data entrusted to it, as well as a follow-up of any action carried out on this data. Each customer can access all the information (actions and data) concerning him or her on request.<\/p>\n<p class=\"Standard\">D\u00c9DICACE SOFTWARE&#8221; requires the consent of the person responsible for the data in question for any action concerning the data or access rights requested for certain data, using a dedicated form. No request not validated by the data controller will be processed or accepted by &#8221; D\u00c9DICACE SOFTWARE &#8220;.<\/p>\n<p class=\"Standard\">In accordance with the French Data Protection Act of January 6, 1978, and the entry into force of the General Data Protection Regulation (GDPR) from May 25, 2018:<\/p>  &#8211; The personal data you provide will only be used in the context of the contractual relationship between you and D\u00c9DICACE SOFTWARE. Data will not be used for purposes outside the scope of the requested service.  <br><br>&#8211; Data that has not been used for three years is regularly deleted from our databases (at least once a year) or in accordance with the procedures explicitly described for the service concerned.  <br><br>&#8211; All our customers can exercise their right to access their personal data. They may also request rectification, deletion, limitation of processing, opposition, portability by contacting our Data Protection Officer: dpo@wedoback.net. Customers can also lodge a complaint with the CNIL.<\/span>\t\t\t\t\t\t\t\t<\/div>\n\t\t\t\t<\/div>\n\t\t\t\t\t<\/div>\n\t\t<\/div>\n\t\t\t\t\t<\/div>\n\t\t<\/section>\n\t\t\t\t<section class=\"elementor-section elementor-top-section elementor-element elementor-element-1ffb7e0 elementor-section-boxed elementor-section-height-default elementor-section-height-default\" data-id=\"1ffb7e0\" data-element_type=\"section\" data-e-type=\"section\">\n\t\t\t\t\t\t<div class=\"elementor-container elementor-column-gap-default\">\n\t\t\t\t\t<div class=\"elementor-column elementor-col-100 elementor-top-column elementor-element elementor-element-c2da221\" data-id=\"c2da221\" data-element_type=\"column\" data-e-type=\"column\">\n\t\t\t<div class=\"elementor-widget-wrap elementor-element-populated\">\n\t\t\t\t\t\t<div class=\"elementor-element elementor-element-34b9aa0 elementor-widget elementor-widget-image\" data-id=\"34b9aa0\" data-element_type=\"widget\" data-e-type=\"widget\" data-widget_type=\"image.default\">\n\t\t\t\t<div class=\"elementor-widget-container\">\n\t\t\t\t\t\t\t\t\t\t\t\t\t\t\t<img decoding=\"async\" width=\"640\" height=\"485\" src=\"https:\/\/www.dedisoft.com\/wp-content\/uploads\/2022\/04\/PNG-1-1024x776.png\" class=\"attachment-large size-large wp-image-3477\" alt=\"\" srcset=\"https:\/\/www.dedisoft.com\/wp-content\/uploads\/2022\/04\/PNG-1-1024x776.png 1024w, https:\/\/www.dedisoft.com\/wp-content\/uploads\/2022\/04\/PNG-1-300x227.png 300w, https:\/\/www.dedisoft.com\/wp-content\/uploads\/2022\/04\/PNG-1-768x582.png 768w, https:\/\/www.dedisoft.com\/wp-content\/uploads\/2022\/04\/PNG-1-1536x1164.png 1536w, https:\/\/www.dedisoft.com\/wp-content\/uploads\/2022\/04\/PNG-1-2048x1553.png 2048w\" sizes=\"(max-width: 640px) 100vw, 640px\" \/>\t\t\t\t\t\t\t\t\t\t\t\t\t\t\t<\/div>\n\t\t\t\t<\/div>\n\t\t\t\t\t<\/div>\n\t\t<\/div>\n\t\t\t\t\t<\/div>\n\t\t<\/section>\n\t\t\t\t<\/div>\n\t\t","protected":false},"excerpt":{"rendered":"<p>R\u00e8glement G\u00e9n\u00e9ral sur la Protection des Donn\u00e9es Le RGPD et notre \u00e9quipe Nous nous engageons aupr\u00e8s de nos clients et partenaires en faveur de la protection des donn\u00e9es personnelles, conform\u00e9ment au R\u00e8glement Europ\u00e9en n\u00b02016\/679. Nous mettons en place en interne un haut niveau de protection des donn\u00e9es qui nous sont confi\u00e9es, ainsi qu&#8217;un suivi de [&hellip;]<\/p>\n","protected":false},"author":2,"featured_media":0,"parent":0,"menu_order":0,"comment_status":"closed","ping_status":"closed","template":"elementor_header_footer","meta":{"_acf_changed":false,"footnotes":""},"class_list":["post-5975","page","type-page","status-publish","hentry"],"acf":[],"aioseo_notices":[],"_links":{"self":[{"href":"https:\/\/www.dedisoft.com\/en\/wp-json\/wp\/v2\/pages\/5975","targetHints":{"allow":["GET"]}}],"collection":[{"href":"https:\/\/www.dedisoft.com\/en\/wp-json\/wp\/v2\/pages"}],"about":[{"href":"https:\/\/www.dedisoft.com\/en\/wp-json\/wp\/v2\/types\/page"}],"author":[{"embeddable":true,"href":"https:\/\/www.dedisoft.com\/en\/wp-json\/wp\/v2\/users\/2"}],"replies":[{"embeddable":true,"href":"https:\/\/www.dedisoft.com\/en\/wp-json\/wp\/v2\/comments?post=5975"}],"version-history":[{"count":2,"href":"https:\/\/www.dedisoft.com\/en\/wp-json\/wp\/v2\/pages\/5975\/revisions"}],"predecessor-version":[{"id":6366,"href":"https:\/\/www.dedisoft.com\/en\/wp-json\/wp\/v2\/pages\/5975\/revisions\/6366"}],"wp:attachment":[{"href":"https:\/\/www.dedisoft.com\/en\/wp-json\/wp\/v2\/media?parent=5975"}],"curies":[{"name":"wp","href":"https:\/\/api.w.org\/{rel}","templated":true}]}}